{"id":165,"date":"2023-07-04T13:41:25","date_gmt":"2023-07-04T05:41:25","guid":{"rendered":"https:\/\/www.cgpglassbottle.com\/?page_id=165"},"modified":"2024-12-25T11:31:09","modified_gmt":"2024-12-25T03:31:09","slug":"contact-us","status":"publish","type":"page","link":"https:\/\/www.cgpglassbottle.com\/tr\/contact-us\/","title":{"rendered":"Bize ula\u015f\u0131n"},"content":{"rendered":"<div data-elementor-type=\"wp-page\" data-elementor-id=\"165\" class=\"elementor elementor-165\">\n\t\t\t\t\t\t\t\t\t<section class=\"elementor-section elementor-top-section elementor-element elementor-element-72b4d365 elementor-section-height-min-height elementor-section-boxed elementor-section-height-default elementor-section-items-middle\" data-id=\"72b4d365\" data-element_type=\"section\" data-settings=\"{&quot;background_background&quot;:&quot;classic&quot;}\" data-e-bg-lazyload=\"\">\n\t\t\t\t\t\t<div class=\"elementor-container elementor-column-gap-default\">\n\t\t\t\t\t<div class=\"elementor-column elementor-col-100 elementor-top-column elementor-element elementor-element-1618d228\" data-id=\"1618d228\" data-element_type=\"column\">\n\t\t\t<div class=\"elementor-widget-wrap elementor-element-populated\">\n\t\t\t\t\t\t\t\t\t<\/div>\n\t\t<\/div>\n\t\t\t\t\t\t\t<\/div>\n\t\t<\/section>\n\t\t\t\t<section class=\"elementor-section elementor-top-section elementor-element elementor-element-37d5e31 elementor-section-height-min-height elementor-section-boxed elementor-section-height-default elementor-section-items-middle\" data-id=\"37d5e31\" data-element_type=\"section\" data-settings=\"{&quot;background_background&quot;:&quot;classic&quot;}\">\n\t\t\t\t\t\t<div class=\"elementor-container elementor-column-gap-no\">\n\t\t\t\t\t<div class=\"elementor-column elementor-col-100 elementor-top-column elementor-element elementor-element-b3c9ba2\" data-id=\"b3c9ba2\" data-element_type=\"column\">\n\t\t\t<div class=\"elementor-widget-wrap elementor-element-populated\">\n\t\t\t\t\t\t\t\t<div class=\"elementor-element elementor-element-2f162d5 breadcrumb elementor-widget elementor-widget-shortcode\" data-id=\"2f162d5\" data-element_type=\"widget\" data-widget_type=\"shortcode.default\">\n\t\t\t\t<div class=\"elementor-widget-container\">\n\t\t\t\t\t<div class=\"elementor-shortcode\"><nav aria-label=\"ekmek k\u0131r\u0131nt\u0131lar\u0131\" class=\"rank-math-breadcrumb\"><p><span class=\"last\">Ev<\/span><\/p><\/nav><\/div>\n\t\t\t\t<\/div>\n\t\t\t\t<\/div>\n\t\t\t\t\t<\/div>\n\t\t<\/div>\n\t\t\t\t\t\t\t<\/div>\n\t\t<\/section>\n\t\t<div class=\"elementor-element elementor-element-b13780a e-con-boxed e-flex e-con\" data-id=\"b13780a\" data-element_type=\"container\" data-settings=\"{&quot;content_width&quot;:&quot;boxed&quot;}\">\n\t\t\t\t\t<div class=\"e-con-inner\">\n\t\t<div class=\"elementor-element elementor-element-9064633 e-con-full e-flex e-con\" data-id=\"9064633\" data-element_type=\"container\" data-settings=\"{&quot;content_width&quot;:&quot;full&quot;}\">\n\t\t\t\t<div class=\"elementor-element elementor-element-314dd02 elementor-icon-list--layout-traditional elementor-list-item-link-full_width elementor-widget elementor-widget-icon-list\" data-id=\"314dd02\" data-element_type=\"widget\" data-widget_type=\"icon-list.default\">\n\t\t\t\t<div class=\"elementor-widget-container\">\n\t\t\t<link rel=\"stylesheet\" href=\"https:\/\/www.cgpglassbottle.com\/wp-content\/plugins\/elementor\/assets\/css\/widget-icon-list.min.css\">\t\t<ul class=\"elementor-icon-list-items\">\n\t\t\t\t\t\t\t<li class=\"elementor-icon-list-item\">\n\t\t\t\t\t\t\t\t\t\t\t<span class=\"elementor-icon-list-icon\">\n\t\t\t\t\t\t\t<svg aria-hidden=\"true\" class=\"e-font-icon-svg e-fas-user\" viewbox=\"0 0 448 512\" xmlns=\"http:\/\/www.w3.org\/2000\/svg\"><path d=\"M224 256c70.7 0 128-57.3 128-128S294.7 0 224 0 96 57.3 96 128s57.3 128 128 128zm89.6 32h-16.7c-22.2 10.2-46.9 16-72.9 16s-50.6-5.8-72.9-16h-16.7C60.2 288 0 348.2 0 422.4V464c0 26.5 21.5 48 48 48h352c26.5 0 48-21.5 48-48v-41.6c0-74.2-60.2-134.4-134.4-134.4z\"><\/path><\/svg>\t\t\t\t\t\t<\/span>\n\t\t\t\t\t\t\t\t\t\t<span class=\"elementor-icon-list-text\">Ben <\/span>\n\t\t\t\t\t\t\t\t\t<\/li>\n\t\t\t\t\t\t\t\t<li class=\"elementor-icon-list-item\">\n\t\t\t\t\t\t\t\t\t\t\t<a href=\"tel:  86 18505169808   \">\n\n\t\t\t\t\t\t\t\t\t\t\t\t<span class=\"elementor-icon-list-icon\">\n\t\t\t\t\t\t\t<svg aria-hidden=\"true\" class=\"e-font-icon-svg e-fas-phone-square-alt\" viewbox=\"0 0 448 512\" xmlns=\"http:\/\/www.w3.org\/2000\/svg\"><path d=\"M400 32H48A48 48 0 0 0 0 80v352a48 48 0 0 0 48 48h352a48 48 0 0 0 48-48V80a48 48 0 0 0-48-48zm-16.39 307.37l-15 65A15 15 0 0 1 354 416C194 416 64 286.29 64 126a15.7 15.7 0 0 1 11.63-14.61l65-15A18.23 18.23 0 0 1 144 96a16.27 16.27 0 0 1 13.79 9.09l30 70A17.9 17.9 0 0 1 189 181a17 17 0 0 1-5.5 11.61l-37.89 31a231.91 231.91 0 0 0 110.78 110.78l31-37.89A17 17 0 0 1 299 291a17.85 17.85 0 0 1 5.91 1.21l70 30A16.25 16.25 0 0 1 384 336a17.41 17.41 0 0 1-.39 3.37z\"><\/path><\/svg>\t\t\t\t\t\t<\/span>\n\t\t\t\t\t\t\t\t\t\t<span class=\"elementor-icon-list-text\"> +86 18505169808   <\/span>\n\t\t\t\t\t\t\t\t\t\t\t<\/a>\n\t\t\t\t\t\t\t\t\t<\/li>\n\t\t\t\t\t\t\t\t<li class=\"elementor-icon-list-item\">\n\t\t\t\t\t\t\t\t\t\t\t<a href=\"mailto:ben@cgpbottle.com\">\n\n\t\t\t\t\t\t\t\t\t\t\t\t<span class=\"elementor-icon-list-icon\">\n\t\t\t\t\t\t\t<svg aria-hidden=\"true\" class=\"e-font-icon-svg e-fas-envelope\" viewbox=\"0 0 512 512\" xmlns=\"http:\/\/www.w3.org\/2000\/svg\"><path d=\"M502.3 190.8c3.9-3.1 9.7-.2 9.7 4.7V400c0 26.5-21.5 48-48 48H48c-26.5 0-48-21.5-48-48V195.6c0-5 5.7-7.8 9.7-4.7 22.4 17.4 52.1 39.5 154.1 113.6 21.1 15.4 56.7 47.8 92.2 47.6 35.7.3 72-32.8 92.3-47.6 102-74.1 131.6-96.3 154-113.7zM256 320c23.2.4 56.6-29.2 73.4-41.4 132.7-96.3 142.8-104.7 173.4-128.7 5.8-4.5 9.2-11.5 9.2-18.9v-19c0-26.5-21.5-48-48-48H48C21.5 64 0 85.5 0 112v19c0 7.4 3.4 14.3 9.2 18.9 30.6 23.9 40.7 32.4 173.4 128.7 16.8 12.2 50.2 41.8 73.4 41.4z\"><\/path><\/svg>\t\t\t\t\t\t<\/span>\n\t\t\t\t\t\t\t\t\t\t<span class=\"elementor-icon-list-text\">ben@cgpbottle.com<\/span>\n\t\t\t\t\t\t\t\t\t\t\t<\/a>\n\t\t\t\t\t\t\t\t\t<\/li>\n\t\t\t\t\t\t\t\t<li class=\"elementor-icon-list-item\">\n\t\t\t\t\t\t\t\t\t\t\t<span class=\"elementor-icon-list-icon\">\n\t\t\t\t\t\t\t<svg aria-hidden=\"true\" class=\"e-font-icon-svg e-fas-home\" viewbox=\"0 0 576 512\" xmlns=\"http:\/\/www.w3.org\/2000\/svg\"><path d=\"M280.37 148.26L96 300.11V464a16 16 0 0 0 16 16l112.06-.29a16 16 0 0 0 15.92-16V368a16 16 0 0 1 16-16h64a16 16 0 0 1 16 16v95.64a16 16 0 0 0 16 16.05L464 480a16 16 0 0 0 16-16V300L295.67 148.26a12.19 12.19 0 0 0-15.3 0zM571.6 251.47L488 182.56V44.05a12 12 0 0 0-12-12h-56a12 12 0 0 0-12 12v72.61L318.47 43a48 48 0 0 0-61 0L4.34 251.47a12 12 0 0 0-1.6 16.9l25.5 31A12 12 0 0 0 45.15 301l235.22-193.74a12.19 12.19 0 0 1 15.3 0L530.9 301a12 12 0 0 0 16.9-1.6l25.5-31a12 12 0 0 0-1.7-16.93z\"><\/path><\/svg>\t\t\t\t\t\t<\/span>\n\t\t\t\t\t\t\t\t\t\t<span class=\"elementor-icon-list-text\">Oda B01-1602, Greenland Yueting, Xincheng B\u00f6lgesi, Xuzhou, Jiangsu, \u00c7in<\/span>\n\t\t\t\t\t\t\t\t\t<\/li>\n\t\t\t\t\t\t<\/ul>\n\t\t\t\t<\/div>\n\t\t\t\t<\/div>\n\t\t\t\t<div class=\"elementor-element elementor-element-13cdf8c elementor-widget elementor-widget-adweb-pro-google-map\" data-id=\"13cdf8c\" data-element_type=\"widget\" data-widget_type=\"adweb-pro-google-map.default\">\n\t\t\t\t<div class=\"elementor-widget-container\">\n\t\t\t\t\t<style>\n\t\t\t#map {\n\t\t\t\theight: 400px; \/* The height is 400 pixels *\/\n\t\t\t\twidth: 100%; \/* The width is the width of the web page *\/\n\t\t\t}\n\t\t<\/style>\n\n\t\t<div id=\"map\"><\/div>\n\n\t\t<script>\n\t\t\tfunction loadScript(url, callback) {\n\t\t\t\tvar script = document.createElement(\"script\");\n\t\t\t\tscript.type = \"text\/javascript\";\n\t\t\t\tif(typeof(callback) != \"undefined\"){\n\t\t\t\t\tif (script.readyState) {\n\t\t\t\t\t\tscript.onreadystatechange = function () {\n\t\t\t\t\t\t\tif (script.readyState == \"loaded\" || script.readyState == \"complete\") {\n\t\t\t\t\t\t\t\tscript.onreadystatechange = null;\n\t\t\t\t\t\t\t\tcallback();\n\t\t\t\t\t\t\t}\n\t\t\t\t\t\t};\n\t\t\t\t\t} else {\n\t\t\t\t\t\tscript.onload = function () {\n\t\t\t\t\t\t\tcallback();\n\t\t\t\t\t\t};\n\t\t\t\t\t}\n\t\t\t\t}\n\t\t\t\tscript.src = url;\n\t\t\t\tdocument.body.appendChild(script);\n\t\t\t}\n\t\t\tloadScript(\"https:\/\/maps.googleapis.com\/maps\/api\/js?key=AIzaSyAvTVnnDLfxdaK2i-f0pRMJOrdwZvxUBjU&libraries=places&callback=initMap\", function () {\n\t\t\t\tinitMap();\n\t\t\t})\n\t\t\tfunction initMap() {\n\t\t\t\t\/\/ The location of Uluru\n\t\t\t\tconst uluru = { lat: 34.216935, lng:117.292097};\n\t\t\t\t\/\/ The map, centered at Uluru\n\t\t\t\tconst map = new google.maps.Map(document.getElementById(\"map\"), {\n\t\t\t\t\tzoom: 12,\n\t\t\t\t\tcenter: uluru,\n\t\t\t\t});\n\t\t\t\tconst contentString =\n\t\t\t\t\t'<div id=\"content\">' +\n\t\t\t\t\t'<div id=\"siteNotice\">' +\n\t\t\t\t\t\"<\/div>\" +\n\t\t\t\t\t'XUZHOU CGP GLASS PRODUCTS CO., LTD.'\n\t\t\t\t\t +\n\t\t\t\t\t\"<\/div>\" +\n\t\t\t\t\t\"<\/div>\";\n\n\t\t\t\tconst infowindow = new google.maps.InfoWindow({\n\t\t\t\t\tcontent: contentString,\n\t\t\t\t\tariaLabel: \"Uluru\",\n\t\t\t\t});\n\t\t\t\t\/\/ The marker, positioned at Uluru\n\t\t\t\tconst marker = new google.maps.Marker({\n\t\t\t\t\tposition: uluru,\n\t\t\t\t\tmap: map,\n\t\t\t\t});\n\t\t\t\tmarker.addListener(\"click\", () => {\n\t\t\t\t\tinfowindow.open({\n\t\t\t\t\t\tanchor: marker,\n\t\t\t\t\t\tmap,\n\t\t\t\t\t});\n\t\t\t\t});\n\t\t\t}\n\n\t\t<\/script>\n\t\t\t\t<\/div>\n\t\t\t\t<\/div>\n\t\t\t\t<\/div>\n\t\t<div class=\"elementor-element elementor-element-c0a916a e-con-full e-flex e-con\" data-id=\"c0a916a\" data-element_type=\"container\" data-settings=\"{&quot;content_width&quot;:&quot;full&quot;}\">\n\t\t\t\t<div class=\"elementor-element elementor-element-a41afee elementor-widget elementor-widget-template\" data-id=\"a41afee\" data-element_type=\"widget\" data-widget_type=\"template.default\">\n\t\t\t\t<div class=\"elementor-widget-container\">\n\t\t\t\t\t<div class=\"elementor-template\">\n\t\t\t\t\t<div data-elementor-type=\"section\" data-elementor-id=\"205\" class=\"elementor elementor-205\">\n\t\t\t\t\t\t\t\t<section class=\"elementor-section elementor-top-section elementor-element elementor-element-1c76338 elementor-section-boxed elementor-section-height-default elementor-section-height-default\" data-id=\"1c76338\" data-element_type=\"section\">\n\t\t\t\t\t\t<div class=\"elementor-container elementor-column-gap-no\">\n\t\t\t\t\t<div class=\"elementor-column elementor-col-100 elementor-top-column elementor-element elementor-element-8c1ed9b\" data-id=\"8c1ed9b\" data-element_type=\"column\">\n\t\t\t<div class=\"elementor-widget-wrap elementor-element-populated\">\n\t\t\t\t\t\t\t\t<div class=\"elementor-element elementor-element-da0512d elementor-widget elementor-widget-heading\" data-id=\"da0512d\" data-element_type=\"widget\" data-widget_type=\"heading.default\">\n\t\t\t\t<div class=\"elementor-widget-container\">\n\t\t\t<style>\/*! elementor - v3.13.1 - 09-05-2023 *\/\n.elementor-heading-title{padding:0;margin:0;line-height:1}.elementor-widget-heading .elementor-heading-title[class*=elementor-size-]>a{color:inherit;font-size:inherit;line-height:inherit}.elementor-widget-heading .elementor-heading-title.elementor-size-small{font-size:15px}.elementor-widget-heading .elementor-heading-title.elementor-size-medium{font-size:19px}.elementor-widget-heading .elementor-heading-title.elementor-size-large{font-size:29px}.elementor-widget-heading .elementor-heading-title.elementor-size-xl{font-size:39px}.elementor-widget-heading .elementor-heading-title.elementor-size-xxl{font-size:59px}<\/style><h2 class=\"elementor-heading-title elementor-size-default\">Bana neye ihtiyac\u0131n oldu\u011funu s\u00f6yle<\/h2>\t\t<\/div>\n\t\t\t\t<\/div>\n\t\t\t\t<div class=\"elementor-element elementor-element-15c5e87 contact-form elementor-widget elementor-widget-wpforms\" data-id=\"15c5e87\" data-element_type=\"widget\" data-widget_type=\"wpforms.default\">\n\t\t\t\t<div class=\"elementor-widget-container\">\n\t\t\t<div class=\"wpforms-container wpforms-container-full\" id=\"wpforms-206\"><form id=\"wpforms-form-206\" class=\"wpforms-validate wpforms-form wpforms-ajax-form\" data-formid=\"206\" method=\"post\" enctype=\"multipart\/form-data\" action=\"\/wp-json\/wp\/v2\/pages\/165\" data-token=\"fc746662ee12d72f2762a57cfbf26838\" data-trp-original-action=\"\/tr\/wp-json\/wp\/v2\/pages\/165\"><noscript class=\"wpforms-error-noscript\">Please enable JavaScript in your browser to complete this form.<\/noscript><div class=\"wpforms-field-container\"><div id=\"wpforms-206-field_1-container\" class=\"wpforms-field wpforms-field-text\" data-field-id=\"1\"><label class=\"wpforms-field-label wpforms-label-hide\" for=\"wpforms-206-field_1\">\u0130sim<\/label><input type=\"text\" id=\"wpforms-206-field_1\" class=\"wpforms-field-large\" name=\"wpforms[fields][1]\" placeholder=\"\u0130sim\" ><\/div><div id=\"wpforms-206-field_2-container\" class=\"wpforms-field wpforms-field-email\" data-field-id=\"2\"><label class=\"wpforms-field-label wpforms-label-hide\" for=\"wpforms-206-field_2\">E-posta <span class=\"wpforms-required-label\">*<\/span><\/label><input type=\"email\" id=\"wpforms-206-field_2\" class=\"wpforms-field-large wpforms-field-required\" name=\"wpforms[fields][2]\" placeholder=\"* E-posta (Size 24 saat i\u00e7inde e-posta yoluyla cevap verece\u011fiz)\" spellcheck=\"false\" required><\/div><div id=\"wpforms-206-field_3-container\" class=\"wpforms-field wpforms-field-phone\" data-field-id=\"3\"><label class=\"wpforms-field-label wpforms-label-hide\" for=\"wpforms-206-field_3\">Telefon<\/label><input type=\"tel\" id=\"wpforms-206-field_3\" class=\"wpforms-field-large\" data-rule-int-phone-field=\"true\" name=\"wpforms[fields][3]\" placeholder=\"Telefon\/WhatsApp\/WeChat (\u00c7ok \u00f6nemli)\" ><\/div><div id=\"wpforms-206-field_4-container\" class=\"wpforms-field wpforms-field-textarea\" data-field-id=\"4\"><label class=\"wpforms-field-label wpforms-label-hide\" for=\"wpforms-206-field_4\">Mesaj <span class=\"wpforms-required-label\">*<\/span><\/label><textarea id=\"wpforms-206-field_4\" class=\"wpforms-field-large wpforms-field-required\" name=\"wpforms[fields][4]\" placeholder=\"* Do\u011fru bir fiyat teklifi almak i\u00e7in ilgilendi\u011finiz \u00fcr\u00fcn\u00fc, talebi, teslim s\u00fcresini, var\u0131\u015f liman\u0131n\u0131 vb. girin.\" required><\/textarea><\/div><div id=\"wpforms-206-field_6-container\" class=\"wpforms-field wpforms-field-hidden\" data-field-id=\"6\"><input type=\"hidden\" id=\"wpforms-206-field_6\" name=\"wpforms[fields][6]\" value=\"https:\/\/www.cgpglassbottle.com\/tr\/wp-json\/wp\/v2\/pages\/165\"><\/div><div id=\"wpforms-206-field_5-container\" class=\"wpforms-field wpforms-field-hidden\" data-field-id=\"5\"><input type=\"hidden\" id=\"wpforms-206-field_5\" name=\"wpforms[fields][5]\" value=\"216.73.216.146\"><\/div>\n<div class=\"display-wsc-products\">\n\n\n\t<table style=\"width: 100%\">\n\t\t<tbody>\n\n\t\t\n\t\t<\/tbody>\n\t<\/table>\n\n<\/div>\n\t\t\t<!--\t\t\t<div class=\"adweb-custom-fields-wrapper\">-->\n\t\t\t<!--\t\t\t\t<div id=\"wpforms---><!---field_selected_products-container\" class=\"wpforms-field wpforms-field-select wpforms-field-select-style-modern\" data-field-id=\"12\">-->\n\t\t\t<!--\t\t\t\t\t<label class=\"wpforms-field-label\" for=\"wpforms-206-field_12\">\u611f\u5174\u8da3\u4ea7\u54c1<\/label>-->\n\t\t\t<!--\t\t\t\t\t<select id=\"wpforms-206-field_12\" class=\"wpforms-field-large choicesjs-select\" data-size-class=\"wpforms-field-row wpforms-field-large\" data-search-enabled=\"1\" name=\"wpforms[fields][12]\">-->\n\t\t\t<!--\t\t\t\t\t\t-->\t\t\t<!--\t\t\t\t\t\t\t<option value=\"--><!--\">--><!--<\/option>-->\n\t\t\t<!--\t\t\t\t\t\t-->\t\t\t<!--\t\t\t\t\t<\/select>-->\n\t\t\t<!--\t\t\t\t<\/div>-->\n\t\t\t<!---->\n\t\t\t<!--\t\t\t\t<div id=\"wpforms---><!---field_selected_product_number-container\" class=\"wpforms-field wpforms-field-number\" data-field-id=\"13\">-->\n\t\t\t<!--\t\t\t\t\t<label class=\"wpforms-field-label\" for=\"wpforms-206-field_13\">\u6570\u91cf<\/label>-->\n\t\t\t<!--\t\t\t\t\t<input type=\"number\" id=\"wpforms-206-field_13\" class=\"wpforms-field-large\" name=\"wpforms[fields][13]\" value=\"1\">-->\n\t\t\t<!--\t\t\t\t<\/div>-->\n\t\t\t<!---->\n\t\t\t<!--\t\t\t\t<div id=\"wpforms---><!---field_selected_product_number-container\" class=\"wpforms-field wpforms-field-button\" data-field-id=\"13\">-->\n\t\t\t<!--\t\t\t\t\t<label class=\"wpforms-field-label\" for=\"wpforms-206-field_13\">\u6dfb\u52a0<\/label>-->\n\t\t\t<!--\t\t\t\t\t<button type=\"submit\" name=\"add-to-cart\" value=\"439\" class=\"webform_single_add_to_cart_button button alt wp-element-button\" style=\"display: inline-block\">Add-->\n\t\t\t<!--\t\t\t\t\t<\/button>-->\n\t\t\t<!--\t\t\t\t<\/div>-->\n\t\t\t<!---->\n\t\t\t<!--\t\t\t<\/div>-->\n\n\t\t\t<\/div><!-- .wpforms-field-container --><div class=\"wpforms-submit-container\" ><input type=\"hidden\" name=\"wpforms[id]\" value=\"206\"><input type=\"hidden\" name=\"wpforms[author]\" value=\"1\"><button type=\"submit\" name=\"wpforms[submit]\" id=\"wpforms-submit-206\" class=\"wpforms-submit\" data-alt-text=\"Sending...\" data-submit-text=\"Send\" aria-live=\"assertive\" value=\"wpforms-submit\">G\u00f6nder<\/button><img loading=\"lazy\" decoding=\"async\" src=\"https:\/\/www.cgpglassbottle.com\/wp-content\/plugins\/wpforms\/assets\/images\/submit-spin.svg\" class=\"wpforms-submit-spinner\" style=\"display: none;\" width=\"26\" height=\"26\" alt=\"Loading\"><\/div><input type=\"hidden\" name=\"trp-form-language\" value=\"tr\"\/><\/form><\/div>  <!-- .wpforms-container -->\t\t<\/div>\n\t\t\t\t<\/div>\n\t\t\t\t\t<\/div>\n\t\t<\/div>\n\t\t\t\t\t\t\t<\/div>\n\t\t<\/section>\n\t\t\t\t\t\t<\/div>\n\t\t\t\t<\/div>\n\t\t\t\t<\/div>\n\t\t\t\t<\/div>\n\t\t\t\t<\/div>\n\t\t\t\t\t<\/div>\n\t\t\t\t<\/div>\n\t\t\t\t\t\t\t<\/div>","protected":false},"excerpt":{"rendered":"","protected":false},"author":1,"featured_media":0,"parent":0,"menu_order":0,"comment_status":"closed","ping_status":"closed","template":"","meta":{"footnotes":""},"class_list":["post-165","page","type-page","status-publish","hentry"],"acf":[],"_links":{"self":[{"href":"https:\/\/www.cgpglassbottle.com\/tr\/wp-json\/wp\/v2\/pages\/165","targetHints":{"allow":["GET"]}}],"collection":[{"href":"https:\/\/www.cgpglassbottle.com\/tr\/wp-json\/wp\/v2\/pages"}],"about":[{"href":"https:\/\/www.cgpglassbottle.com\/tr\/wp-json\/wp\/v2\/types\/page"}],"author":[{"embeddable":true,"href":"https:\/\/www.cgpglassbottle.com\/tr\/wp-json\/wp\/v2\/users\/1"}],"replies":[{"embeddable":true,"href":"https:\/\/www.cgpglassbottle.com\/tr\/wp-json\/wp\/v2\/comments?post=165"}],"version-history":[{"count":0,"href":"https:\/\/www.cgpglassbottle.com\/tr\/wp-json\/wp\/v2\/pages\/165\/revisions"}],"wp:attachment":[{"href":"https:\/\/www.cgpglassbottle.com\/tr\/wp-json\/wp\/v2\/media?parent=165"}],"curies":[{"name":"wp","href":"https:\/\/api.w.org\/{rel}","templated":true}]}}